{"id":31,"date":"2014-05-05T15:35:00","date_gmt":"2014-05-05T13:35:00","guid":{"rendered":"http:\/\/blickfang.de\/?page_id=31"},"modified":"2025-01-15T19:42:10","modified_gmt":"2025-01-15T17:42:10","slug":"impressum","status":"publish","type":"page","link":"https:\/\/blickfang.de\/it\/impressum\/","title":{"rendered":"IMPRESSUM"},"content":{"rendered":"<p>[vc_row][vc_column][vc_row_inner][vc_column_inner][vc_column_text]<\/p>\n<h2>Angaben gem\u00e4\u00df \u00a7 5 TMG:<\/h2>\n<p>[\/vc_column_text]<div class=\"gap\" style=\"line-height: 40px; height: 40px;\"><\/div>[\/vc_column_inner][vc_column_inner width=&#8220;1\/2&#8243;][vc_column_text]<\/p>\n<h4>BETREIBER<\/h4>\n<p>BLICKFANG Messebau GmbH<br \/>\nWaltherstra\u00dfe 78<br \/>\nD-51069 K\u00f6ln[\/vc_column_text]<div class=\"gap\" style=\"line-height: 20px; height: 20px;\"><\/div>[\/vc_column_inner][vc_column_inner width=&#8220;1\/2&#8243;][vc_column_text]<\/p>\n<h4>Registereintrag:<\/h4>\n<p>Eintragung im Handelsregister<br \/>\nRegistergericht: Amtsgericht K\u00f6ln<br \/>\nRegisternummer: HRB 35553[\/vc_column_text]<div class=\"gap\" style=\"line-height: 20px; height: 20px;\"><\/div>[vc_column_text]<\/p>\n<h4>Umsatzsteuer-ID:<\/h4>\n<p>Umsatzsteuer-Identifikationsnummer gem\u00e4\u00df \u00a727 a Umsatzsteuergesetz:<br \/>\nDE 169814955[\/vc_column_text]<div class=\"gap\" style=\"line-height: 20px; height: 20px;\"><\/div>[\/vc_column_inner][\/vc_row_inner][vc_column_text]<\/p>\n<h4>Vertreten durch:<\/h4>\n<p>[\/vc_column_text]<div class=\"gap\" style=\"line-height: 20px; height: 20px;\"><\/div>[vc_row_inner][vc_column_inner width=&#8220;1\/6&#8243;][vc_single_image image=&#8220;11046&#8243; img_size=&#8220;173&#215;250&#8243; add_caption=&#8220;yes&#8220;][\/vc_column_inner][vc_column_inner width=&#8220;1\/6&#8243;][vc_single_image image=&#8220;11052&#8243; img_size=&#8220;173&#215;250&#8243; add_caption=&#8220;yes&#8220;][\/vc_column_inner][vc_column_inner width=&#8220;1\/6&#8243;][\/vc_column_inner][vc_column_inner width=&#8220;1\/2&#8243;][\/vc_column_inner][\/vc_row_inner][vc_row_inner][vc_column_inner width=&#8220;1\/2&#8243;]<div class=\"gap\" style=\"line-height: 20px; height: 20px;\"><\/div>[\/vc_column_inner][vc_column_inner width=&#8220;1\/2&#8243;][\/vc_column_inner][vc_column_inner][vc_column_text]<\/p>\n<h4>Kontakt:<\/h4>\n<p>Telefon: +49(0)221-969791-0<br \/>\nTelefax: +49(0)221-969791-10<br \/>\nE-Mail: <a href=\"mailto:koeln@blickfang.de\">koeln@blickfang.de<\/a>[\/vc_column_text]<div class=\"gap\" style=\"line-height: 20px; height: 20px;\"><\/div>[vc_column_text]<a title=\"ALLGEMEINE LIEFER- UND ZAHLUNGSBEDINGUNGEN DER FIRMA BLICKFANG MESSEBAU GmbH\" href=\"http:\/\/www.blickfang.de\/wp-content\/uploads\/2014\/06\/Allgemeine_Geschaeftsbedingungen_BLICKFANG_Messebau_GmbH1.pdf\" target=\"_blank\" rel=\"noopener\">Allgemeine Gesch\u00e4ftsbedingungen<\/a>[\/vc_column_text][\/vc_column_inner][vc_column_inner][\/vc_column_inner][\/vc_row_inner][vc_row_inner][vc_column_inner]<div class=\"gap\" style=\"line-height: 40px; height: 40px;\"><\/div>[vc_column_text]<\/p>\n<h2>Haftungsausschluss (Disclaimer)<\/h2>\n<p>[\/vc_column_text]<div class=\"gap\" style=\"line-height: 20px; height: 20px;\"><\/div>[vc_column_text]<\/p>\n<h4>Haftung f\u00fcr Inhalte<\/h4>\n<p>Als Diensteanbieter sind wir gem\u00e4\u00df \u00a7 7 Abs.1 TMG f\u00fcr eigene Inhalte auf diesen Seiten nach den allgemeinen Gesetzen verantwortlich. Nach \u00a7\u00a7 8 bis 10 TMG sind wir als Diensteanbieter jedoch nicht verpflichtet, \u00fcbermittelte oder gespeicherte fremde Informationen zu \u00fcberwachen oder nach Umst\u00e4nden zu forschen, die auf eine rechtswidrige T\u00e4tigkeit hinweisen. Verpflichtungen zur Entfernung oder Sperrung der Nutzung von Informationen nach den allgemeinen Gesetzen bleiben hiervon unber\u00fchrt. Eine diesbez\u00fcgliche Haftung ist jedoch erst ab dem Zeitpunkt der Kenntnis einer konkreten Rechtsverletzung m\u00f6glich. Bei Bekanntwerden von entsprechenden Rechtsverletzungen werden wir diese Inhalte umgehend entfernen.[\/vc_column_text]<div class=\"gap\" style=\"line-height: 20px; height: 20px;\"><\/div>[vc_column_text]<\/p>\n<h4>Haftung f\u00fcr Links<\/h4>\n<p>Unser Angebot enth\u00e4lt Links zu externen Webseiten Dritter, auf deren Inhalte wir keinen Einfluss haben. Deshalb k\u00f6nnen wir f\u00fcr diese fremden Inhalte auch keine Gew\u00e4hr \u00fcbernehmen. F\u00fcr die Inhalte der verlinkten Seiten ist stets der jeweilige Anbieter oder Betreiber der Seiten verantwortlich. Die verlinkten Seiten wurden zum Zeitpunkt der Verlinkung auf m\u00f6gliche Rechtsverst\u00f6\u00dfe \u00fcberpr\u00fcft. Rechtswidrige Inhalte waren zum Zeitpunkt der Verlinkung nicht erkennbar. Eine permanente inhaltliche Kontrolle der verlinkten Seiten ist jedoch ohne konkrete Anhaltspunkte einer Rechtsverletzung nicht zumutbar. Bei Bekanntwerden von Rechtsverletzungen werden wir derartige Links umgehend entfernen.[\/vc_column_text]<div class=\"gap\" style=\"line-height: 20px; height: 20px;\"><\/div>[vc_column_text]<\/p>\n<h4>Urheberrecht<\/h4>\n<p>Die durch die Seitenbetreiber erstellten Inhalte und Werke auf diesen Seiten unterliegen dem deutschen Urheberrecht. Die Vervielf\u00e4ltigung, Bearbeitung, Verbreitung und jede Art der Verwertung au\u00dferhalb der Grenzen des Urheberrechtes bed\u00fcrfen der schriftlichen Zustimmung des jeweiligen Autors bzw. Erstellers. Downloads und Kopien dieser Seite sind nur f\u00fcr den privaten, nicht kommerziellen Gebrauch gestattet. Soweit die Inhalte auf dieser Seite nicht vom Betreiber erstellt wurden, werden die Urheberrechte Dritter beachtet. Insbesondere werden Inhalte Dritter als solche gekennzeichnet. Sollten Sie trotzdem auf eine Urheberrechtsverletzung aufmerksam werden, bitten wir um einen entsprechenden Hinweis. Bei Bekanntwerden von Rechtsverletzungen werden wir derartige Inhalte umgehend entfernen.[\/vc_column_text]<div class=\"gap\" style=\"line-height: 20px; height: 20px;\"><\/div>[vc_column_text]<em>Quellen: <a href=\"http:\/\/www.e-recht24.de\/muster-disclaimer.html\" target=\"_blank\" rel=\"nofollow noopener\">eRecht24<\/a><\/em>[\/vc_column_text]<div class=\"gap\" style=\"line-height: 20px; height: 20px;\"><\/div>[\/vc_column_inner][\/vc_row_inner][\/vc_column][\/vc_row][vc_row][vc_column][\/vc_column][\/vc_row][vc_row][vc_column][\/vc_column][\/vc_row][vc_row][vc_column][\/vc_column][\/vc_row]<\/p>\n","protected":false},"excerpt":{"rendered":"<p>[vc_row][vc_column][vc_row_inner][vc_column_inner][vc_column_text] Angaben gem\u00e4\u00df \u00a7 5 TMG: [\/vc_column_text][\/vc_column_inner][vc_column_inner width=&#8220;1\/2&#8243;][vc_column_text] BETREIBER BLICKFANG Messebau GmbH Waltherstra\u00dfe 78 D-51069 K\u00f6ln[\/vc_column_text][\/vc_column_inner][vc_column_inner width=&#8220;1\/2&#8243;][vc_column_text] Registereintrag: Eintragung im Handelsregister Registergericht: Amtsgericht K\u00f6ln Registernummer: HRB 35553[\/vc_column_text][vc_column_text] Umsatzsteuer-ID: Umsatzsteuer-Identifikationsnummer gem\u00e4\u00df \u00a727 a Umsatzsteuergesetz: DE 169814955[\/vc_column_text][\/vc_column_inner][\/vc_row_inner][vc_column_text] Vertreten durch: [\/vc_column_text][vc_row_inner][vc_column_inner width=&#8220;1\/6&#8243;][vc_single_image image=&#8220;11046&#8243; img_size=&#8220;173&#215;250&#8243; add_caption=&#8220;yes&#8220;][\/vc_column_inner][vc_column_inner width=&#8220;1\/6&#8243;][vc_single_image image=&#8220;11052&#8243; img_size=&#8220;173&#215;250&#8243; add_caption=&#8220;yes&#8220;][\/vc_column_inner][vc_column_inner width=&#8220;1\/6&#8243;][\/vc_column_inner][vc_column_inner width=&#8220;1\/2&#8243;][\/vc_column_inner][\/vc_row_inner][vc_row_inner][vc_column_inner width=&#8220;1\/2&#8243;][\/vc_column_inner][vc_column_inner width=&#8220;1\/2&#8243;][\/vc_column_inner][vc_column_inner][vc_column_text] Kontakt: Telefon: +49(0)221-969791-0 Telefax: +49(0)221-969791-10&hellip;<\/p>\n","protected":false},"author":1,"featured_media":0,"parent":0,"menu_order":7,"comment_status":"closed","ping_status":"closed","template":"","meta":{"cybocfi_hide_featured_image":"","footnotes":""},"class_list":["post-31","page","type-page","status-publish","hentry","description-off"],"yoast_head":"<!-- This site is optimized with the Yoast SEO plugin v25.5 - https:\/\/yoast.com\/wordpress\/plugins\/seo\/ -->\n<title>IMPRESSUM - IT - Blickfang Messebau GmbH<\/title>\n<meta name=\"description\" content=\"Impressum der Blickfang Messebau GmbH.\" \/>\n<meta name=\"robots\" content=\"index, follow, max-snippet:-1, max-image-preview:large, max-video-preview:-1\" \/>\n<link rel=\"canonical\" href=\"https:\/\/blickfang.de\/it\/impressum\/\" \/>\n<meta property=\"og:locale\" content=\"de_DE\" \/>\n<meta property=\"og:type\" content=\"article\" \/>\n<meta property=\"og:title\" content=\"IMPRESSUM - IT - Blickfang Messebau GmbH\" \/>\n<meta property=\"og:description\" content=\"Impressum der Blickfang Messebau GmbH.\" \/>\n<meta property=\"og:url\" content=\"https:\/\/blickfang.de\/it\/impressum\/\" \/>\n<meta property=\"og:site_name\" content=\"IT - Blickfang Messebau GmbH\" \/>\n<meta property=\"article:modified_time\" content=\"2025-01-15T17:42:10+00:00\" \/>\n<meta name=\"twitter:label1\" content=\"Gesch\u00e4tzte Lesezeit\" \/>\n\t<meta name=\"twitter:data1\" content=\"3\u00a0Minuten\" \/>\n<script type=\"application\/ld+json\" class=\"yoast-schema-graph\">{\"@context\":\"https:\/\/schema.org\",\"@graph\":[{\"@type\":\"WebPage\",\"@id\":\"https:\/\/blickfang.de\/it\/impressum\/\",\"url\":\"https:\/\/blickfang.de\/it\/impressum\/\",\"name\":\"IMPRESSUM - IT - Blickfang Messebau GmbH\",\"isPartOf\":{\"@id\":\"https:\/\/blickfang.de\/it\/#website\"},\"datePublished\":\"2014-05-05T13:35:00+00:00\",\"dateModified\":\"2025-01-15T17:42:10+00:00\",\"description\":\"Impressum der Blickfang Messebau GmbH.\",\"breadcrumb\":{\"@id\":\"https:\/\/blickfang.de\/it\/impressum\/#breadcrumb\"},\"inLanguage\":\"de\",\"potentialAction\":[{\"@type\":\"ReadAction\",\"target\":[\"https:\/\/blickfang.de\/it\/impressum\/\"]}]},{\"@type\":\"BreadcrumbList\",\"@id\":\"https:\/\/blickfang.de\/it\/impressum\/#breadcrumb\",\"itemListElement\":[{\"@type\":\"ListItem\",\"position\":1,\"name\":\"Home\",\"item\":\"https:\/\/blickfang.de\/it\/\"},{\"@type\":\"ListItem\",\"position\":2,\"name\":\"IMPRESSUM\"}]},{\"@type\":\"WebSite\",\"@id\":\"https:\/\/blickfang.de\/it\/#website\",\"url\":\"https:\/\/blickfang.de\/it\/\",\"name\":\"IT - Blickfang Messebau GmbH\",\"description\":\"\",\"potentialAction\":[{\"@type\":\"SearchAction\",\"target\":{\"@type\":\"EntryPoint\",\"urlTemplate\":\"https:\/\/blickfang.de\/it\/?s={search_term_string}\"},\"query-input\":{\"@type\":\"PropertyValueSpecification\",\"valueRequired\":true,\"valueName\":\"search_term_string\"}}],\"inLanguage\":\"de\"}]}<\/script>\n<!-- \/ Yoast SEO plugin. -->","yoast_head_json":{"title":"IMPRESSUM - IT - Blickfang Messebau GmbH","description":"Impressum der Blickfang Messebau GmbH.","robots":{"index":"index","follow":"follow","max-snippet":"max-snippet:-1","max-image-preview":"max-image-preview:large","max-video-preview":"max-video-preview:-1"},"canonical":"https:\/\/blickfang.de\/it\/impressum\/","og_locale":"de_DE","og_type":"article","og_title":"IMPRESSUM - IT - Blickfang Messebau GmbH","og_description":"Impressum der Blickfang Messebau GmbH.","og_url":"https:\/\/blickfang.de\/it\/impressum\/","og_site_name":"IT - Blickfang Messebau GmbH","article_modified_time":"2025-01-15T17:42:10+00:00","twitter_misc":{"Gesch\u00e4tzte Lesezeit":"3\u00a0Minuten"},"schema":{"@context":"https:\/\/schema.org","@graph":[{"@type":"WebPage","@id":"https:\/\/blickfang.de\/it\/impressum\/","url":"https:\/\/blickfang.de\/it\/impressum\/","name":"IMPRESSUM - IT - Blickfang Messebau GmbH","isPartOf":{"@id":"https:\/\/blickfang.de\/it\/#website"},"datePublished":"2014-05-05T13:35:00+00:00","dateModified":"2025-01-15T17:42:10+00:00","description":"Impressum der Blickfang Messebau GmbH.","breadcrumb":{"@id":"https:\/\/blickfang.de\/it\/impressum\/#breadcrumb"},"inLanguage":"de","potentialAction":[{"@type":"ReadAction","target":["https:\/\/blickfang.de\/it\/impressum\/"]}]},{"@type":"BreadcrumbList","@id":"https:\/\/blickfang.de\/it\/impressum\/#breadcrumb","itemListElement":[{"@type":"ListItem","position":1,"name":"Home","item":"https:\/\/blickfang.de\/it\/"},{"@type":"ListItem","position":2,"name":"IMPRESSUM"}]},{"@type":"WebSite","@id":"https:\/\/blickfang.de\/it\/#website","url":"https:\/\/blickfang.de\/it\/","name":"IT - Blickfang Messebau GmbH","description":"","potentialAction":[{"@type":"SearchAction","target":{"@type":"EntryPoint","urlTemplate":"https:\/\/blickfang.de\/it\/?s={search_term_string}"},"query-input":{"@type":"PropertyValueSpecification","valueRequired":true,"valueName":"search_term_string"}}],"inLanguage":"de"}]}},"_links":{"self":[{"href":"https:\/\/blickfang.de\/it\/wp-json\/wp\/v2\/pages\/31","targetHints":{"allow":["GET"]}}],"collection":[{"href":"https:\/\/blickfang.de\/it\/wp-json\/wp\/v2\/pages"}],"about":[{"href":"https:\/\/blickfang.de\/it\/wp-json\/wp\/v2\/types\/page"}],"author":[{"embeddable":true,"href":"https:\/\/blickfang.de\/it\/wp-json\/wp\/v2\/users\/1"}],"replies":[{"embeddable":true,"href":"https:\/\/blickfang.de\/it\/wp-json\/wp\/v2\/comments?post=31"}],"version-history":[{"count":2,"href":"https:\/\/blickfang.de\/it\/wp-json\/wp\/v2\/pages\/31\/revisions"}],"predecessor-version":[{"id":11053,"href":"https:\/\/blickfang.de\/it\/wp-json\/wp\/v2\/pages\/31\/revisions\/11053"}],"wp:attachment":[{"href":"https:\/\/blickfang.de\/it\/wp-json\/wp\/v2\/media?parent=31"}],"curies":[{"name":"wp","href":"https:\/\/api.w.org\/{rel}","templated":true}]}}