{"id":22,"date":"2014-05-05T15:34:06","date_gmt":"2014-05-05T13:34:06","guid":{"rendered":"http:\/\/blickfang.de\/?page_id=22"},"modified":"2025-01-15T19:34:03","modified_gmt":"2025-01-15T17:34:03","slug":"lazienda","status":"publish","type":"page","link":"https:\/\/blickfang.de\/it\/lazienda\/","title":{"rendered":"L\u2019AZIENDA"},"content":{"rendered":"<p>[vc_row][vc_column width=&#8220;1\/4&#8243;][vc_single_image image=&#8220;11047&#8243; img_size=&#8220;280&#215;420&#8243;][vc_column_text]<strong>Patrick Esser,\u00a0Colonia<\/strong>[\/vc_column_text]<div class=\"gap\" style=\"line-height: 25px; height: 25px;\"><\/div>[vc_column_text]<\/p>\n<h1 class=\"cus-ueber-uns\">\u201cLa nostra priorit\u00e0? La qualit\u00e0, senza ombra di dubbio.\u201d<\/h1>\n<p>[\/vc_column_text]<div class=\"gap\" style=\"line-height: 25px; height: 25px;\"><\/div>[vc_column_text]\u201cOffriamo progetti pensati in ogni dettaglio e un design che convince. Professionalit\u00e0, affidabilit\u00e0 e puntualit\u00e0 sono la nostra parola d\u2019ordine e garantiscono una qualit\u00e0 \u201cMade in Germany\u201d.\u201d[\/vc_column_text]<div class=\"gap\" style=\"line-height: 25px; height: 25px;\"><\/div>[\/vc_column][vc_column width=&#8220;1\/4&#8243;][vc_raw_html]JTNDZGl2JTIwY2xhc3MlM0QlMjJ3cGJfc2luZ2xlX2ltYWdlJTIwd3BiX2NvbnRlbnRfZWxlbWVudCUyMHZjX2FsaWduX2NlbnRlciUyMiUzRSUwQSUzQ2RpdiUyMGNsYXNzJTNEJTIyd3BiX3dyYXBwZXIlMjIlM0UlMDklMDklMDklMEElM0NhJTIwY2xhc3MlM0QlMjJtYWlsJTIwdG9vbHRpcHMlMjIlMjB0aXRsZSUzRCUyMiUzQ3N0cm9uZyUzRVN0ZXBoYW4lMjBTbHV5dGVyJTNDJTJGc3Ryb25nJTNFJTNDYnIlMkYlM0VyZWZlcmVudGUlMjBpbiUyMEFtYnVyZ28lMjIlMjBocmVmJTNEJTIybWFpbHRvJTNBaGglNDBibGlja2ZhbmcuZGUlMjIlMjB0YXJnZXQlM0QlMjJfdG9wJTIyJTNFJTNDaW1nJTIwY2xhc3MlM0QlMjIlMjB2Y19ib3hfYm9yZGVyX2dyZXklMjAlMjIlMjBzcmMlM0QlMjIlMkZ3cC1jb250ZW50JTJGdXBsb2FkcyUyRjIwMTQlMkYwOSUyRkJsaWNrZmFuZy1IYW1idXJnLUdtYkhfU3RlcGhhbi1TbHV5dGVyMS5qcGclMjIlMjB3aWR0aCUzRCUyMjI4MCUyMiUyMGhlaWdodCUzRCUyMjQyMCUyMiUyMGFsdCUzRCUyMkZvdG8lMjBTdGVwaGFuJTIwU2x1eXRlciUyMiUyMCUyRiUzRSUzQyUyRmElM0UlMEElM0MlMkZkaXYlM0UlMjAlMEElM0MlMkZkaXYlM0UlMjA=[\/vc_raw_html][vc_column_text]<strong>Stephan Sluyter,\u00a0Amburgo<\/strong>[\/vc_column_text]<div class=\"gap\" style=\"line-height: 25px; height: 25px;\"><\/div>[vc_column_text]<\/p>\n<h2 class=\"cus-ueber-uns\">\u201cClienti e fiere: una sfida sempre diversa\u201d<\/h2>\n<p>[\/vc_column_text]<div class=\"gap\" style=\"line-height: 25px; height: 25px;\"><\/div>[vc_column_text]\u201cI designer e gli architetti del nostro team sviluppano insieme ai clienti progetti personalizzati e strategie creative. Il nostro obiettivo \u00e8 uno stand in grado di rispecchiare con esattezza l\u2019essenza dell\u2019azienda. In termini di design, funzionalit\u00e0 ed espressivit\u00e0.\u201d[\/vc_column_text]<div class=\"gap\" style=\"line-height: 25px; height: 25px;\"><\/div>[\/vc_column][vc_column width=&#8220;1\/4&#8243;][vc_raw_html]JTNDZGl2JTIwY2xhc3MlM0QlMjJ3cGJfc2luZ2xlX2ltYWdlJTIwd3BiX2NvbnRlbnRfZWxlbWVudCUyMHZjX2FsaWduX2NlbnRlciUyMiUzRSUwQSUzQ2RpdiUyMGNsYXNzJTNEJTIyd3BiX3dyYXBwZXIlMjIlM0UlMDklMDklMDklMEElM0NhJTIwY2xhc3MlM0QlMjJtYWlsJTIwdG9vbHRpcHMlMjIlMjB0aXRsZSUzRCUyMiUzQ3N0cm9uZyUzRUxlbyUyMHZvbiUyMENhcHJpdmklM0MlMkZzdHJvbmclM0UlM0NiciUyRiUzRXJlZmVyZW50ZSUyMGluJTIwU3RvY2NhcmRvJTIyJTIwaHJlZiUzRCUyMm1haWx0byUzQXN0JTQwYmxpY2tmYW5nLmRlJTIyJTIwdGFyZ2V0JTNEJTIyX3RvcCUyMiUzRSUzQ2ltZyUyMGNsYXNzJTNEJTIyJTIwdmNfYm94X2JvcmRlcl9ncmV5JTIwJTIyJTIwc3JjJTNEJTIyJTJGd3AtY29udGVudCUyRnVwbG9hZHMlMkYyMDE0JTJGMDklMkZCbGlja2ZhbmctU3R1dHRnYXJ0LUdtYkhfTGVvLXZvbi1DYXByaXZpMS5qcGclMjIlMjB3aWR0aCUzRCUyMjI4MCUyMiUyMGhlaWdodCUzRCUyMjQyMCUyMiUyMGFsdCUzRCUyMkZvdG8lMjBMZW8lMjB2b24lMjBDYXByaXZpJTIyJTIwJTJGJTNFJTNDJTJGYSUzRSUwQSUzQyUyRmRpdiUzRSUyMCUwQSUzQyUyRmRpdiUzRSUyMA==[\/vc_raw_html][vc_column_text]<strong>Leo von Caprivi, Stoccardo<\/strong>[\/vc_column_text]<div class=\"gap\" style=\"line-height: 25px; height: 25px;\"><\/div>[vc_column_text]<\/p>\n<h2 class=\"cus-ueber-uns\">\u201cSostenibilit\u00e0 ed efficienza sono principi fondamentali della nostra azienda\u201d<\/h2>\n<p>[\/vc_column_text]<div class=\"gap\" style=\"line-height: 25px; height: 25px;\"><\/div>[vc_column_text]\u201cPotrete risparmiare denaro e risorse optando per stand modulari ma allo stesso tempo personalizzati. Siamo un partner professionale, sempre a vostra disposizione.\u201d[\/vc_column_text]<div class=\"gap\" style=\"line-height: 25px; height: 25px;\"><\/div>[\/vc_column][vc_column width=&#8220;1\/4&#8243;][vc_raw_html]JTNDZGl2JTIwY2xhc3MlM0QlMjJ3cGJfc2luZ2xlX2ltYWdlJTIwd3BiX2NvbnRlbnRfZWxlbWVudCUyMHZjX2FsaWduX2NlbnRlciUyMiUzRSUwQSUzQ2RpdiUyMGNsYXNzJTNEJTIyd3BiX3dyYXBwZXIlMjIlM0UlMDklMDklMDklMEElM0NhJTIwY2xhc3MlM0QlMjJtYWlsJTIwdG9vbHRpcHMlMjIlMjB0aXRsZSUzRCUyMiUzQ3N0cm9uZyUzRU1hcmt1cyUyMEdhbGxlJTNDJTJGc3Ryb25nJTNFJTNDYnIlMkYlM0VyZWZlcmVudGUlMjBpbiUyME1vbmFjbyUyMiUyMGhyZWYlM0QlMjJtYWlsdG8lM0FtZyU0MGJsaWNrZmFuZy5kZSUyMiUyMHRhcmdldCUzRCUyMl90b3AlMjIlM0UlM0NpbWclMjBjbGFzcyUzRCUyMiUyMHZjX2JveF9ib3JkZXJfZ3JleSUyMCUyMiUyMHNyYyUzRCUyMiUyRndwLWNvbnRlbnQlMkZ1cGxvYWRzJTJGMjAxNCUyRjA5JTJGQmxpY2tmYW5nLU0lQzMlQkNuY2hlbl9NYXJrdXMtR2FsbGUuanBnJTIyJTIwd2lkdGglM0QlMjIyODAlMjIlMjBoZWlnaHQlM0QlMjI0MjAlMjIlMjBhbHQlM0QlMjJGb3RvJTIwTWFya3VzJTIwR2FsbGUlMjIlMjAlMkYlM0UlM0MlMkZhJTNFJTBBJTNDJTJGZGl2JTNFJTIwJTBBJTNDJTJGZGl2JTNFJTIw[\/vc_raw_html][vc_column_text]<strong>Markus Galle, Monaco<\/strong>[\/vc_column_text]<div class=\"gap\" style=\"line-height: 25px; height: 25px;\"><\/div>[vc_column_text]<\/p>\n<h2 class=\"cus-ueber-uns\">\u201cIndividualit\u00e0 creativit\u00e0 ed entusiasmo.\u201d<\/h2>\n<p>[\/vc_column_text]<div class=\"gap\" style=\"line-height: 25px; height: 25px;\"><\/div>[vc_column_text]\u201cCreiamo e realizziamo progetti individuali e originali per fiere ed eventi. Ascoltiamo le vostre esigenze e sviluppiamo soluzioni complete e personalizzate. Un dialogo continuo e schietto con i nostri clienti, dalla fase di progettazione fino alla realizzazione concreta dello stand, \u00e8 la base del nostro modus operandi.\u201d[\/vc_column_text]<div class=\"gap\" style=\"line-height: 25px; height: 25px;\"><\/div>[\/vc_column][\/vc_row][vc_row][vc_column]<div class=\"gap\" style=\"line-height: 25px; height: 25px;\"><\/div><div class=\"hr-thin style-line\" style=\"width: 100%;border-top-width: 1px;\"><\/div><div class=\"gap\" style=\"line-height: 35px; height: 35px;\"><\/div>[\/vc_column][\/vc_row][vc_row][vc_column width=&#8220;1\/2&#8243;][vc_column_text]<\/p>\n<h3>L\u2019azienda<\/h3>\n<p>[\/vc_column_text]<div class=\"gap\" style=\"line-height: 20px; height: 20px;\"><\/div>[vc_column_text]Per offrirvi un servizio personale in loco, i nostri uffici di Colonia, Stoccarda, Monaco di Baviera e Amburgo sono sempre a vostra disposizione.<br \/>\nPer garantire un risultato perfetto Blickfang Messebau lavora con un team di architetti, designer, falegnami, magazzinieri e montatori. Il nostro team include 40 dipendenti esperti in diversi settori e viene affiancato da liberi professionisti per progetti specifici.<\/p>\n<p>Create insieme a noi un \u201cbiglietto da visita\u201d personalizzato per la vostra fiera. Vi daremo degli spunti per individuare assieme idee e strategie creative. Blickfang Messebau \u00e8 a vostra disposizione come consulente professionale e azienda leader nel settore fieristico.[\/vc_column_text]<div class=\"gap\" style=\"line-height: 40px; height: 40px;\"><\/div>[\/vc_column][vc_column width=&#8220;1\/2&#8243;][vc_column_text]<\/p>\n<h3>Perch\u00e9 scegliere Blickfang?<\/h3>\n<p>[\/vc_column_text]<div class=\"gap\" style=\"line-height: 20px; height: 20px;\"><\/div>[vc_column_text]<\/p>\n<ul>\n<li>Servizio completo dalla progettazione al montaggio\/smontaggio dello stand<\/li>\n<li>Stoccaggio dei componenti convenzionali di propriet\u00e0 del cliente nel nostro magazzino verticale<\/li>\n<li>Assistenza costante e flessibilit\u00e0<\/li>\n<li>Offerte precise con i prezzi delle singole prestazioni<\/li>\n<li>Sempre vicino a clienti, grazie alle rappresentanze di Amburgo, Colonia, Stoccarda e Monaco di Baviera<\/li>\n<li>Oltre 20 anni di attivit\u00e0<\/li>\n<li>Accettiamo ordini in Germania, Europa e in tutto il mondo<\/li>\n<li>Laboratori, uffici e magazzini occupano una superficie totale di circa 8.500 m\u00b2<\/li>\n<li>Falegnameria e verniciatura interni<\/li>\n<\/ul>\n<p>Blickfang Messebau GmbH \u00e8 un\u2019azienda che offre servizi completi per la progettazione e la realizzazione di stand fieristici.[\/vc_column_text]<div class=\"gap\" style=\"line-height: 20px; height: 20px;\"><\/div>[\/vc_column][\/vc_row][vc_row][vc_column]<div class=\"gap\" style=\"line-height: 20px; height: 20px;\"><\/div>[rev_slider_vc alias=&#8220;company&#8220;]<div class=\"gap\" style=\"line-height: 20px; height: 20px;\"><\/div>[\/vc_column][\/vc_row]<\/p>\n","protected":false},"excerpt":{"rendered":"<p>[vc_row][vc_column width=&#8220;1\/4&#8243;][vc_single_image image=&#8220;11047&#8243; img_size=&#8220;280&#215;420&#8243;][vc_column_text]Patrick Esser,\u00a0Colonia[\/vc_column_text][vc_column_text] \u201cLa nostra priorit\u00e0? La qualit\u00e0, senza ombra di dubbio.\u201d [\/vc_column_text][vc_column_text]\u201cOffriamo progetti pensati in ogni dettaglio e un design che convince. Professionalit\u00e0, affidabilit\u00e0 e puntualit\u00e0 sono la nostra parola d\u2019ordine e garantiscono una qualit\u00e0 \u201cMade in Germany\u201d.\u201d[\/vc_column_text][\/vc_column][vc_column width=&#8220;1\/4&#8243;][vc_raw_html]JTNDZGl2JTIwY2xhc3MlM0QlMjJ3cGJfc2luZ2xlX2ltYWdlJTIwd3BiX2NvbnRlbnRfZWxlbWVudCUyMHZjX2FsaWduX2NlbnRlciUyMiUzRSUwQSUzQ2RpdiUyMGNsYXNzJTNEJTIyd3BiX3dyYXBwZXIlMjIlM0UlMDklMDklMDklMEElM0NhJTIwY2xhc3MlM0QlMjJtYWlsJTIwdG9vbHRpcHMlMjIlMjB0aXRsZSUzRCUyMiUzQ3N0cm9uZyUzRVN0ZXBoYW4lMjBTbHV5dGVyJTNDJTJGc3Ryb25nJTNFJTNDYnIlMkYlM0VyZWZlcmVudGUlMjBpbiUyMEFtYnVyZ28lMjIlMjBocmVmJTNEJTIybWFpbHRvJTNBaGglNDBibGlja2ZhbmcuZGUlMjIlMjB0YXJnZXQlM0QlMjJfdG9wJTIyJTNFJTNDaW1nJTIwY2xhc3MlM0QlMjIlMjB2Y19ib3hfYm9yZGVyX2dyZXklMjAlMjIlMjBzcmMlM0QlMjIlMkZ3cC1jb250ZW50JTJGdXBsb2FkcyUyRjIwMTQlMkYwOSUyRkJsaWNrZmFuZy1IYW1idXJnLUdtYkhfU3RlcGhhbi1TbHV5dGVyMS5qcGclMjIlMjB3aWR0aCUzRCUyMjI4MCUyMiUyMGhlaWdodCUzRCUyMjQyMCUyMiUyMGFsdCUzRCUyMkZvdG8lMjBTdGVwaGFuJTIwU2x1eXRlciUyMiUyMCUyRiUzRSUzQyUyRmElM0UlMEElM0MlMkZkaXYlM0UlMjAlMEElM0MlMkZkaXYlM0UlMjA=[\/vc_raw_html][vc_column_text]Stephan Sluyter,\u00a0Amburgo[\/vc_column_text][vc_column_text] \u201cClienti e fiere: una sfida sempre diversa\u201d [\/vc_column_text][vc_column_text]\u201cI designer e gli architetti&hellip;<\/p>\n","protected":false},"author":1,"featured_media":0,"parent":0,"menu_order":2,"comment_status":"closed","ping_status":"closed","template":"","meta":{"cybocfi_hide_featured_image":"","footnotes":""},"class_list":["post-22","page","type-page","status-publish","hentry","description-off"],"yoast_head":"<!-- This site is optimized with the Yoast SEO plugin v25.5 - https:\/\/yoast.com\/wordpress\/plugins\/seo\/ -->\n<title>L\u2019AZIENDA - IT - Blickfang Messebau GmbH<\/title>\n<meta name=\"description\" content=\"Servizio completo: dalla concezione dello stand fieristico alla sua realizzazione concreta, con una pianificazione dettagliata dei lavori.\" \/>\n<meta name=\"robots\" content=\"index, follow, max-snippet:-1, max-image-preview:large, max-video-preview:-1\" \/>\n<link rel=\"canonical\" href=\"https:\/\/blickfang.de\/it\/lazienda\/\" \/>\n<meta property=\"og:locale\" content=\"de_DE\" \/>\n<meta property=\"og:type\" content=\"article\" \/>\n<meta property=\"og:title\" content=\"L\u2019AZIENDA - IT - Blickfang Messebau GmbH\" \/>\n<meta property=\"og:description\" content=\"Servizio completo: dalla concezione dello stand fieristico alla sua realizzazione concreta, con una pianificazione dettagliata dei lavori.\" \/>\n<meta property=\"og:url\" content=\"https:\/\/blickfang.de\/it\/lazienda\/\" \/>\n<meta property=\"og:site_name\" content=\"IT - Blickfang Messebau GmbH\" \/>\n<meta property=\"article:modified_time\" content=\"2025-01-15T17:34:03+00:00\" \/>\n<meta name=\"twitter:label1\" content=\"Gesch\u00e4tzte Lesezeit\" \/>\n\t<meta name=\"twitter:data1\" content=\"3\u00a0Minuten\" \/>\n<script type=\"application\/ld+json\" class=\"yoast-schema-graph\">{\"@context\":\"https:\/\/schema.org\",\"@graph\":[{\"@type\":\"WebPage\",\"@id\":\"https:\/\/blickfang.de\/it\/lazienda\/\",\"url\":\"https:\/\/blickfang.de\/it\/lazienda\/\",\"name\":\"L\u2019AZIENDA - IT - Blickfang Messebau GmbH\",\"isPartOf\":{\"@id\":\"https:\/\/blickfang.de\/it\/#website\"},\"datePublished\":\"2014-05-05T13:34:06+00:00\",\"dateModified\":\"2025-01-15T17:34:03+00:00\",\"description\":\"Servizio completo: dalla concezione dello stand fieristico alla sua realizzazione concreta, con una pianificazione dettagliata dei lavori.\",\"breadcrumb\":{\"@id\":\"https:\/\/blickfang.de\/it\/lazienda\/#breadcrumb\"},\"inLanguage\":\"de\",\"potentialAction\":[{\"@type\":\"ReadAction\",\"target\":[\"https:\/\/blickfang.de\/it\/lazienda\/\"]}]},{\"@type\":\"BreadcrumbList\",\"@id\":\"https:\/\/blickfang.de\/it\/lazienda\/#breadcrumb\",\"itemListElement\":[{\"@type\":\"ListItem\",\"position\":1,\"name\":\"Home\",\"item\":\"https:\/\/blickfang.de\/it\/\"},{\"@type\":\"ListItem\",\"position\":2,\"name\":\"L\u2019AZIENDA\"}]},{\"@type\":\"WebSite\",\"@id\":\"https:\/\/blickfang.de\/it\/#website\",\"url\":\"https:\/\/blickfang.de\/it\/\",\"name\":\"IT - Blickfang Messebau GmbH\",\"description\":\"\",\"potentialAction\":[{\"@type\":\"SearchAction\",\"target\":{\"@type\":\"EntryPoint\",\"urlTemplate\":\"https:\/\/blickfang.de\/it\/?s={search_term_string}\"},\"query-input\":{\"@type\":\"PropertyValueSpecification\",\"valueRequired\":true,\"valueName\":\"search_term_string\"}}],\"inLanguage\":\"de\"}]}<\/script>\n<!-- \/ Yoast SEO plugin. -->","yoast_head_json":{"title":"L\u2019AZIENDA - IT - Blickfang Messebau GmbH","description":"Servizio completo: dalla concezione dello stand fieristico alla sua realizzazione concreta, con una pianificazione dettagliata dei lavori.","robots":{"index":"index","follow":"follow","max-snippet":"max-snippet:-1","max-image-preview":"max-image-preview:large","max-video-preview":"max-video-preview:-1"},"canonical":"https:\/\/blickfang.de\/it\/lazienda\/","og_locale":"de_DE","og_type":"article","og_title":"L\u2019AZIENDA - IT - Blickfang Messebau GmbH","og_description":"Servizio completo: dalla concezione dello stand fieristico alla sua realizzazione concreta, con una pianificazione dettagliata dei lavori.","og_url":"https:\/\/blickfang.de\/it\/lazienda\/","og_site_name":"IT - Blickfang Messebau GmbH","article_modified_time":"2025-01-15T17:34:03+00:00","twitter_misc":{"Gesch\u00e4tzte Lesezeit":"3\u00a0Minuten"},"schema":{"@context":"https:\/\/schema.org","@graph":[{"@type":"WebPage","@id":"https:\/\/blickfang.de\/it\/lazienda\/","url":"https:\/\/blickfang.de\/it\/lazienda\/","name":"L\u2019AZIENDA - IT - Blickfang Messebau GmbH","isPartOf":{"@id":"https:\/\/blickfang.de\/it\/#website"},"datePublished":"2014-05-05T13:34:06+00:00","dateModified":"2025-01-15T17:34:03+00:00","description":"Servizio completo: dalla concezione dello stand fieristico alla sua realizzazione concreta, con una pianificazione dettagliata dei lavori.","breadcrumb":{"@id":"https:\/\/blickfang.de\/it\/lazienda\/#breadcrumb"},"inLanguage":"de","potentialAction":[{"@type":"ReadAction","target":["https:\/\/blickfang.de\/it\/lazienda\/"]}]},{"@type":"BreadcrumbList","@id":"https:\/\/blickfang.de\/it\/lazienda\/#breadcrumb","itemListElement":[{"@type":"ListItem","position":1,"name":"Home","item":"https:\/\/blickfang.de\/it\/"},{"@type":"ListItem","position":2,"name":"L\u2019AZIENDA"}]},{"@type":"WebSite","@id":"https:\/\/blickfang.de\/it\/#website","url":"https:\/\/blickfang.de\/it\/","name":"IT - Blickfang Messebau GmbH","description":"","potentialAction":[{"@type":"SearchAction","target":{"@type":"EntryPoint","urlTemplate":"https:\/\/blickfang.de\/it\/?s={search_term_string}"},"query-input":{"@type":"PropertyValueSpecification","valueRequired":true,"valueName":"search_term_string"}}],"inLanguage":"de"}]}},"_links":{"self":[{"href":"https:\/\/blickfang.de\/it\/wp-json\/wp\/v2\/pages\/22","targetHints":{"allow":["GET"]}}],"collection":[{"href":"https:\/\/blickfang.de\/it\/wp-json\/wp\/v2\/pages"}],"about":[{"href":"https:\/\/blickfang.de\/it\/wp-json\/wp\/v2\/types\/page"}],"author":[{"embeddable":true,"href":"https:\/\/blickfang.de\/it\/wp-json\/wp\/v2\/users\/1"}],"replies":[{"embeddable":true,"href":"https:\/\/blickfang.de\/it\/wp-json\/wp\/v2\/comments?post=22"}],"version-history":[{"count":7,"href":"https:\/\/blickfang.de\/it\/wp-json\/wp\/v2\/pages\/22\/revisions"}],"predecessor-version":[{"id":11048,"href":"https:\/\/blickfang.de\/it\/wp-json\/wp\/v2\/pages\/22\/revisions\/11048"}],"wp:attachment":[{"href":"https:\/\/blickfang.de\/it\/wp-json\/wp\/v2\/media?parent=22"}],"curies":[{"name":"wp","href":"https:\/\/api.w.org\/{rel}","templated":true}]}}